{"id":17,"date":"2022-11-21T09:29:26","date_gmt":"2022-11-21T08:29:26","guid":{"rendered":"https:\/\/www.ov-g10.de\/?page_id=17"},"modified":"2026-02-19T04:15:15","modified_gmt":"2026-02-19T03:15:15","slug":"amateurfunk","status":"publish","type":"page","link":"https:\/\/www.ov-g10.de\/index.php\/amateurfunk\/","title":{"rendered":"Amateurfunk"},"content":{"rendered":"\n<h2 class=\"wp-block-heading\">Kommunikation ohne Grenzen<\/h2>\n\n\n\n<p>Amateurfunk ist eine sinnvolle und vielseitige Freizeitbesch\u00e4ftigung, die Jung und Alt anspricht und die es erm\u00f6glicht, sich mit Funktechnik und Elektronik zu besch\u00e4ftigen, Ger\u00e4te selbst zu bauen und mit einer eigenen Funkstation mit Partnern in aller Welt drahtlos in Verbindung zu treten. Amateurfunk ist ein faszinierendes Hobby, das Technik und Kommunikation auf einzigartige Weise verbindet. Unsere drahtlose Kommunikation dient dem Aufbau von technischem Verst\u00e4ndnis und Innovation und f\u00f6rdert die V\u00f6lkerverst\u00e4ndigung. Funkbetrieb findet in den Betriebsarten Telegrafie, Sprechfunk und Digital statt. Es werden z.B. Funkkontakte hergestellt zwischen Amateurfunk AG&#8217;s in Schulen mit der Neumayer-Station in der Antarktis oder mit den Astronauten auf der Internationalen Raumstation ISS.<br>Amateurfunk ist nicht nur technisch anspruchsvoll, sondern bietet auch sportliche Aktivit\u00e4ten an, wie die Teilnahme an Contesten und dem Amateurfunkpeilen. Unser drahtloses Hobby spielt eine entscheidende Rolle in Not- und Katastrophenf\u00e4llen. Wenn konventionelle Kommunikationswege ausfallen, k\u00f6nnen Funkamateure in Ausnahmef\u00e4llen weiterhin Informationen \u00fcbermitteln und so Leben retten. Funkamateure k\u00f6nnen weltweit ihre Ger\u00e4tschaften und ihr Wissen f\u00fcr Hilfeleistungen bei Notf\u00e4llen zur Verf\u00fcgung stellen.<\/p>\n\n\n\n<figure class=\"wp-block-image size-large\"><img loading=\"lazy\" decoding=\"async\" width=\"512\" height=\"1024\" src=\"https:\/\/www.ov-g10.de\/wp-content\/uploads\/2022\/11\/Notfunkfrequenzen_Aufkleber_50x100mm-512x1024.png\" alt=\"\" class=\"wp-image-133\" srcset=\"https:\/\/www.ov-g10.de\/wp-content\/uploads\/2022\/11\/Notfunkfrequenzen_Aufkleber_50x100mm-512x1024.png 512w, https:\/\/www.ov-g10.de\/wp-content\/uploads\/2022\/11\/Notfunkfrequenzen_Aufkleber_50x100mm-150x300.png 150w, https:\/\/www.ov-g10.de\/wp-content\/uploads\/2022\/11\/Notfunkfrequenzen_Aufkleber_50x100mm.png 591w\" sizes=\"auto, (max-width: 512px) 100vw, 512px\" \/><figcaption class=\"wp-element-caption\">Quelle: DARC<\/figcaption><\/figure>\n\n\n\n<p><\/p>\n\n\n\n<h2 class=\"wp-block-heading\">Werde Funkamateur<\/h2>\n\n\n\n<p>Funkamateure besch\u00e4ftigen sich mit der Technik zur drahtlosen \u00dcbertagung von Sprache und Daten, wobei sie mit \u00fcber 2 Millionen Gleichgesinnten in aller Welt Freundschaften schlie\u00dfen. Sie nutzen Funkger\u00e4te, um \u00fcber gro\u00dfe Entfernungen hinweg miteinander zu sprechen, unabh\u00e4ngig von kommerziellen Netzen und \u00fcber Landesgrenzen hinweg. Funkamateure bauen h\u00e4ufig ihre eigenen Sender und Empf\u00e4nger und experimentieren mit unterschiedlichen Antennen. Zur Aus\u00fcbung des Sendebetriebs ist eine besondere Genehmigung der Bundesnetzagentur, das Amateurfunkzeugnis, erforderlich. In Deutschland gliedert sich der Amateurfunk in drei Klassen: Die Klasse N ist f\u00fcr Neueinsteiger, die erweiterte Klasse E und die Klasse A mit h\u00f6chster Leistung auf allen zugeteilten Frequenzen. Die Bundesnetzagentur f\u00fchrt Amateurfunkpr\u00fcfungen durch und bescheinigt im Fall des Bestehens der Pr\u00fcfung den Nachweis der erforderlichen Kenntnisse, wie elektrotechnischen Grundlagen, Betriebstechnik oder rechtliche Bestimmungen, in Form eines Amateurfunkzeugnisses. <br><a href=\"https:\/\/www.bundesnetzagentur.de\/DE\/Fachthemen\/Telekommunikation\/Frequenzen\/SpezielleAnwendungen\/Amateurfunk\/start.html\">Zu den FAQs der Bundesnetzagentur<\/a> <br><br>Der DARC bietet Lernmaterial an zu Vorbereitung auf die Pr\u00fcfungen auf der 50Ohm Plattform. Zum online Lernen stehen Videokurse, Trainings Apps f\u00fcr Android und iOS, ein Fragenkatalog und Ausbildungspaten zur Verf\u00fcgung. <br><a href=\"https:\/\/50ohm.de\/\">Zu der DARC Lernplattform 50Ohm<\/a><\/p>\n\n\n\n<p><\/p>\n\n\n\n<h2 class=\"wp-block-heading\">Deutsche Amateur-Radio-Club e.V.<\/h2>\n\n\n\n<p>Der Deutsche Amateur-Radio-Club e.V. ist eine Vereinigung von Funkamateuren und vertritt deren Interessen, insbesondere seiner rund 33.000 Mitglieder gegen\u00fcber Verb\u00e4nden, Organisationen, Beh\u00f6rden und Ministerien. Der DARC gliedert sich bundesweit in 24 Distrikte und ca. 960 Ortsverb\u00e4nde und ist Mitglied in der International Amateur Radio Union (IARU). Der Club f\u00f6rdert zusammen mit seinen Distrikten und Ortsverb\u00e4nden Wissenschaft und Forschung, Weiterbildung, Jugendarbeit und V\u00f6lkerverst\u00e4ndigung. In Katastrophenf\u00e4llen werden die Beh\u00f6rden beim Aufbau von Nachrichtenverbindungen unterst\u00fctzt.<br>Das Amateurfunkmagazin CQ DL erscheint einmal im Monat und wird zu den Mitgliedern per Post nach Hause geliefert. Als schriftlicher Nachweis einer Funkverbindung werden Funkbest\u00e4tigungskarten (QSL-Karten) ausgetauscht. Ohne Extrakosten vermittelt der DARC weltweit 4,5 Millionen dieser QSL-Karten.<br><a href=\"https:\/\/www.darc.de\/home\" target=\"_blank\" rel=\"noreferrer noopener\">Zur DARC Seite<\/a><\/p>\n\n\n\n<h2 class=\"wp-block-heading\">Contest<\/h2>\n\n\n\n<p>Ein Wettbewerb unter den Funkamateuren nennt sich Contest. Es werden m\u00f6glichst viele Verbindungen mit anderen Funkamateuren innerhalb von Deutschland und anderen L\u00e4ndern hergestellt. W\u00e4hrend einer Verbindung werden das Rufzeichen sowie die Contest-relevanten Daten ausgetauscht. Diese bestehen aus dem Signal-Rapport und einer laufenden Nummer, beginnend mit 001. Ziel ist es dabei, je nach Ausschreibung, m\u00f6glichst viele Wertungspunkte zu erreichen, die errechnet werden aus der Anzahl der Verbindungen mit anderen Amateurfunkstellen in einer bestimmten Betriebsart und\/oder auf einem oder mehreren Amateurfunk-B\u00e4ndern. Weitere Wertungspunkte k\u00f6nnen durch die Zahl der erreichten Gebiete, Ortsverbandskenner und\/oder Rufzeichenpr\u00e4fixe gesammelt werden. Contest-Logs enthalten die erreichten Verbindungen, bestehend aus den empfangenen und gesendeten Informationen, sowie der Uhrzeit in UTC. Diese werden im Cabrillo- oder EDI-Format beim Veranstalter f\u00fcr die Auswertung per Datei-Upload eingereicht. Der Contestkalender des DARC enth\u00e4lt eine Vielzahl aktueller Ausschreibungen von KW- und UKW-Contesten.<br><a href=\"https:\/\/www.darc.de\/der-club\/referate\/conteste\/contestkalender\/darc-contestkalender\/\" target=\"_blank\" rel=\"noreferrer noopener\">Zum DARC Contestkalender<\/a><\/p>\n\n\n\n<p><\/p>\n\n\n\n<h2 class=\"wp-block-heading\">DARC Clubmeisterschaft<\/h2>\n\n\n\n<p>Die allj\u00e4hrliche Clubmeisterschaft bringt Techniker und Funker, Kurzwellenfreunde und UKW-Spezialisten zusammen, mit dem Ziel f\u00fcr ihren Ortsverband ein optimales Ergebnis zu erreichen. H\u00f6chste Pl\u00e4tze in der Wertung erreichen Ortsverb\u00e4nde mit vielen aktiven Mitgliedern. Auf der Internationalen Amateurfunk-Ausstellung HAM RADIO in Friedrichshafen werden die DARC-Contest Sieger geehrt.<br>F\u00fcr die Clubmeisterschaft Classic wird die Teilnahme an 12 Wettbewerben mit gleichm\u00e4\u00dfigen KW- und UKW-Anteilen herangezogen. Neben der DL-Gesamtwertung wird auch eine Auflistung nach Distrikten angeboten.<br><a href=\"https:\/\/www.darc.de\/der-club\/referate\/conteste\/clubmeisterschaft\/anhang-a-conteste-cm-classic\/\">Zu der Termin-\u00dcbersicht der CM Classic<\/a><\/p>\n\n\n\n<p>Die Clubmeisterschaft Open wertet die Ergebnisse von 16 Wettbewerben aus. Darunter z\u00e4hlen zus\u00e4tzlich z.B. der IARU-Region-1 145MHz Contest im September und im November der RTTY-Anteil des WAEDC-Contestes.<br><a href=\"https:\/\/www.darc.de\/der-club\/referate\/conteste\/clubmeisterschaft\/anhang-b-conteste-cm-open\/\">Zu der Termin-\u00dcbersicht der CM Open<\/a><\/p>\n\n\n\n<h2 class=\"wp-block-heading\">Amateurfunkpeilen<\/h2>\n\n\n\n<p>Beim Amateurfunkpeilen, auch Fuchsjagd genannt, geht es darum, versteckte Sender im Gel\u00e4nde mit Hilfe eines Peilempf\u00e4ngers zu orten und zu finden. Neben Trainingsveranstaltungen werden Meisterschaften angeboten und anspruchsvolle Wettbewerbe ausgetragen. In der N\u00e4he der Grenze zu Bayern und Sachsen fand im Juli 2025 die Jugend-WM im Amateurfunkpeilsport im tschechischen Mari\u00e1nsk\u00e9 L\u00e1zn\u011b statt. Die IARU World ARDF Championships fand statt vom 16. bis 22. August 2025 in Bir\u0161tonas, Litauen. Sie wurde vom Lithuanian Radio Amateur Society ausgerichtet. Das 31-k\u00f6pfige deutsche DARC Team erreichte einen Medaillenspiegel von 10 mal Gold, 9 mal Silber und 5 mal Bronze. <br><a href=\"https:\/\/ardf.darc.de\/\" target=\"_blank\" rel=\"noreferrer noopener\">Zum ARDF-Funksportreferat<\/a><\/p>\n\n\n\n<p><\/p>\n","protected":false},"excerpt":{"rendered":"<p>Kommunikation ohne Grenzen Amateurfunk ist eine sinnvolle und vielseitige Freizeitbesch\u00e4ftigung, die Jung und Alt anspricht und die es erm\u00f6glicht, sich mit Funktechnik und Elektronik zu besch\u00e4ftigen, Ger\u00e4te selbst zu bauen [&hellip;]<\/p>\n","protected":false},"author":1,"featured_media":0,"parent":0,"menu_order":0,"comment_status":"closed","ping_status":"closed","template":"","meta":{"qubely_global_settings":"","qubely_interactions":"","zakra_page_container_layout":"customizer","zakra_page_sidebar_layout":"customizer","zakra_remove_content_margin":false,"zakra_sidebar":"customizer","zakra_transparent_header":"customizer","zakra_logo":0,"zakra_main_header_style":"default","zakra_menu_item_color":"","zakra_menu_item_hover_color":"","zakra_menu_item_active_color":"","zakra_menu_active_style":"","zakra_page_header":true,"footnotes":""},"class_list":["post-17","page","type-page","status-publish","hentry"],"_links":{"self":[{"href":"https:\/\/www.ov-g10.de\/index.php\/wp-json\/wp\/v2\/pages\/17","targetHints":{"allow":["GET"]}}],"collection":[{"href":"https:\/\/www.ov-g10.de\/index.php\/wp-json\/wp\/v2\/pages"}],"about":[{"href":"https:\/\/www.ov-g10.de\/index.php\/wp-json\/wp\/v2\/types\/page"}],"author":[{"embeddable":true,"href":"https:\/\/www.ov-g10.de\/index.php\/wp-json\/wp\/v2\/users\/1"}],"replies":[{"embeddable":true,"href":"https:\/\/www.ov-g10.de\/index.php\/wp-json\/wp\/v2\/comments?post=17"}],"version-history":[{"count":35,"href":"https:\/\/www.ov-g10.de\/index.php\/wp-json\/wp\/v2\/pages\/17\/revisions"}],"predecessor-version":[{"id":756,"href":"https:\/\/www.ov-g10.de\/index.php\/wp-json\/wp\/v2\/pages\/17\/revisions\/756"}],"wp:attachment":[{"href":"https:\/\/www.ov-g10.de\/index.php\/wp-json\/wp\/v2\/media?parent=17"}],"curies":[{"name":"wp","href":"https:\/\/api.w.org\/{rel}","templated":true}]}}