{"id":13,"date":"2022-11-21T09:29:26","date_gmt":"2022-11-21T08:29:26","guid":{"rendered":"https:\/\/www.ov-g10.de\/?page_id=13"},"modified":"2025-07-09T22:48:47","modified_gmt":"2025-07-09T20:48:47","slug":"home","status":"publish","type":"page","link":"https:\/\/www.ov-g10.de\/index.php\/home\/","title":{"rendered":"Deutscher Amateur Radio Club OV K\u00f6ln G10"},"content":{"rendered":"\n<h2 class=\"wp-block-heading\">Herzlich Willkommen beim DARC Ortsverband K\u00f6ln<\/h2>\n\n\n\n<p>Auf unseren Seiten informieren wir dich \u00fcber unser Hobby, Aktivit\u00e4ten und Veranstaltungen. Der Ortsverband K\u00f6ln G10 ist einer der Ortsverb\u00e4nde im Distrikt K\u00f6ln-Aachen (G). Er besteht seit \u00fcber 90 Jahren. Hier treffen sich Gleichgesinnte an unserem drahtlosen Hobby, die sich gerne mit Funktechnik besch\u00e4ftigen, rege ihr Wissen austauschen und erweitern und Spa\u00df am geselligen Miteinander im Verein haben. Wir bieten unseren Mitgliedern ein aktives Vereinsleben an, mit monatlichen Treffen, einem Sommerfest und zum Jahresabschluss ein Weihnachtsessen. Unter den G10 Mitgliedern findest du Spezialisten mit Erfahrungen zu speziellen \u00dcbertragungstechniken wie RTTY, dem Selbstbau von Sendeempf\u00e4ngern im Kurzwellen-, UKW- und GHz-Bereich, dem Highspeed Amateurradio Multimedia Network HAMNET und dem Amateurfunkpeilen ARDF. Wenn du mehr \u00fcber uns oder den Amateurfunk wissen m\u00f6chtest, so besuche uns doch einfach an unseren monatlichen OV Abenden. Bei uns ist jeder willkommen, unabh\u00e4ngig von Geschlecht, Alter, Herkunft, Nationalit\u00e4t oder Religion.<\/p>\n\n\n\n<p><\/p>\n\n\n\n<h2 class=\"wp-block-heading\">Die Clubstation DL0CA<\/h2>\n\n\n\n<figure class=\"wp-block-image size-large\"><img loading=\"lazy\" decoding=\"async\" width=\"1024\" height=\"659\" src=\"https:\/\/www.ov-g10.de\/wp-content\/uploads\/2022\/11\/DL0CA_Clubstation-1024x659.jpg\" alt=\"\" class=\"wp-image-85\" srcset=\"https:\/\/www.ov-g10.de\/wp-content\/uploads\/2022\/11\/DL0CA_Clubstation-1024x659.jpg 1024w, https:\/\/www.ov-g10.de\/wp-content\/uploads\/2022\/11\/DL0CA_Clubstation-300x193.jpg 300w, https:\/\/www.ov-g10.de\/wp-content\/uploads\/2022\/11\/DL0CA_Clubstation-768x494.jpg 768w, https:\/\/www.ov-g10.de\/wp-content\/uploads\/2022\/11\/DL0CA_Clubstation-1536x989.jpg 1536w, https:\/\/www.ov-g10.de\/wp-content\/uploads\/2022\/11\/DL0CA_Clubstation.jpg 1628w\" sizes=\"auto, (max-width: 1024px) 100vw, 1024px\" \/><\/figure>\n\n\n\n<p>Die Clubstation DL0CA ist nicht zu jeder Zeit besetzt. Sie wird aktiviert nach Absprache und einmal im Jahr zum IARU-Region-1-Fieldday im September.<\/p>\n\n\n\n<p><\/p>\n\n\n\n<h2 class=\"wp-block-heading\">Abendliche G10 Funkrunde auf dem 2m OV Kanal<\/h2>\n\n\n\n<p>Wir treffen uns regelm\u00e4\u00dfig auf unserem OV-Kanal zu einer kleinen Funkrunde.<br>Zeit: um 19:30 Uhr Ortszeit<br>Frequenz : 144.775 MHz in analog FM simplex<\/p>\n\n\n\n<p><\/p>\n\n\n\n<h2 class=\"wp-block-heading\">Morgendliche MAR Funkrunde im 20m Band<\/h2>\n\n\n\n<p>Medical Assistance Radio (MAR) ist ein Notfunkdienst von deutschen Funkamateuren, die \u00c4rzte sind. Er hilft weltweit bei Notf\u00e4llen oder Katastrophen, bei der Beschaffung von medizinischen Ausk\u00fcnften und Arzneimitteln oder im einfachsten Fall der Weiterleitung eines medizinischen Notrufes. Auf der t\u00e4glichen MAR Funkrunde trifft man sich mit deutschen Funkfreunden aus Europa.<br>Zeit: um 8:30 Uhr UTC<br>Frequenz : 14.332 MHz in USB<\/p>\n\n\n\n<p><\/p>\n\n\n\n<h2 class=\"wp-block-heading\">Monatlicher G10 Clubabend<\/h2>\n\n\n\n<p>Einmal im Monat treffen wir uns beim Clubabend zum geselligen Austausch im Restaurant des G\u00e4stehauses der Sportschule K\u00f6ln. Hier planen wir auch unsere Aktivit\u00e4ten und Veranstaltungen.<br>Wann: immer am letzten Montag im Monat<br>Zeit: um 19:30 Uhr Ortszeit<br>Ort: Restaurant des G\u00e4stehaus der Sportschule K\u00f6ln, Guts-Muths-Weg 1, 50927 K\u00f6ln<br>G\u00e4ste und Interessierte sind bei uns immer herzlich Willkommen.<\/p>\n\n\n\n<p><\/p>\n\n\n\n<h2 class=\"wp-block-heading\">Ihr Ansprechpartner im Ortsverband K\u00f6ln G10<\/h2>\n\n\n\n<p>Name: Walter Pohl<br>Rufzeichen: DL5KCS<br>E-Mail: dl5kcs@darc.de<br>Telefon: +49 175 5271 704<\/p>\n\n\n\n<p><\/p>\n\n\n\n<p><\/p>\n","protected":false},"excerpt":{"rendered":"<p>Herzlich Willkommen beim DARC Ortsverband K\u00f6ln Auf unseren Seiten informieren wir dich \u00fcber unser Hobby, Aktivit\u00e4ten und Veranstaltungen. Der Ortsverband K\u00f6ln G10 ist einer der Ortsverb\u00e4nde im Distrikt K\u00f6ln-Aachen (G). [&hellip;]<\/p>\n","protected":false},"author":1,"featured_media":0,"parent":0,"menu_order":0,"comment_status":"closed","ping_status":"closed","template":"","meta":{"qubely_global_settings":"","qubely_interactions":"","zakra_page_container_layout":"customizer","zakra_page_sidebar_layout":"customizer","zakra_remove_content_margin":false,"zakra_sidebar":"customizer","zakra_transparent_header":"customizer","zakra_logo":0,"zakra_main_header_style":"default","zakra_menu_item_color":"","zakra_menu_item_hover_color":"","zakra_menu_item_active_color":"","zakra_menu_active_style":"","zakra_page_header":true,"footnotes":""},"class_list":["post-13","page","type-page","status-publish","hentry"],"_links":{"self":[{"href":"https:\/\/www.ov-g10.de\/index.php\/wp-json\/wp\/v2\/pages\/13","targetHints":{"allow":["GET"]}}],"collection":[{"href":"https:\/\/www.ov-g10.de\/index.php\/wp-json\/wp\/v2\/pages"}],"about":[{"href":"https:\/\/www.ov-g10.de\/index.php\/wp-json\/wp\/v2\/types\/page"}],"author":[{"embeddable":true,"href":"https:\/\/www.ov-g10.de\/index.php\/wp-json\/wp\/v2\/users\/1"}],"replies":[{"embeddable":true,"href":"https:\/\/www.ov-g10.de\/index.php\/wp-json\/wp\/v2\/comments?post=13"}],"version-history":[{"count":21,"href":"https:\/\/www.ov-g10.de\/index.php\/wp-json\/wp\/v2\/pages\/13\/revisions"}],"predecessor-version":[{"id":590,"href":"https:\/\/www.ov-g10.de\/index.php\/wp-json\/wp\/v2\/pages\/13\/revisions\/590"}],"wp:attachment":[{"href":"https:\/\/www.ov-g10.de\/index.php\/wp-json\/wp\/v2\/media?parent=13"}],"curies":[{"name":"wp","href":"https:\/\/api.w.org\/{rel}","templated":true}]}}